{"id":25871,"date":"2025-04-09T09:05:42","date_gmt":"2025-04-09T09:05:42","guid":{"rendered":"https:\/\/tenias.com\/mentions-legales\/"},"modified":"2025-06-11T07:09:38","modified_gmt":"2025-06-11T07:09:38","slug":"mentions-legales","status":"publish","type":"page","link":"https:\/\/tenias.com\/fr\/mentions-legales\/","title":{"rendered":"Mentions l\u00e9gales"},"content":{"rendered":"\t\t<div data-elementor-type=\"wp-page\" data-elementor-id=\"25871\" class=\"elementor elementor-25871 elementor-12958\" data-elementor-settings=\"{&quot;element_pack_global_tooltip_width&quot;:{&quot;unit&quot;:&quot;px&quot;,&quot;size&quot;:&quot;&quot;,&quot;sizes&quot;:[]},&quot;element_pack_global_tooltip_width_tablet&quot;:{&quot;unit&quot;:&quot;px&quot;,&quot;size&quot;:&quot;&quot;,&quot;sizes&quot;:[]},&quot;element_pack_global_tooltip_width_mobile&quot;:{&quot;unit&quot;:&quot;px&quot;,&quot;size&quot;:&quot;&quot;,&quot;sizes&quot;:[]},&quot;element_pack_global_tooltip_padding&quot;:{&quot;unit&quot;:&quot;px&quot;,&quot;top&quot;:&quot;&quot;,&quot;right&quot;:&quot;&quot;,&quot;bottom&quot;:&quot;&quot;,&quot;left&quot;:&quot;&quot;,&quot;isLinked&quot;:true},&quot;element_pack_global_tooltip_padding_tablet&quot;:{&quot;unit&quot;:&quot;px&quot;,&quot;top&quot;:&quot;&quot;,&quot;right&quot;:&quot;&quot;,&quot;bottom&quot;:&quot;&quot;,&quot;left&quot;:&quot;&quot;,&quot;isLinked&quot;:true},&quot;element_pack_global_tooltip_padding_mobile&quot;:{&quot;unit&quot;:&quot;px&quot;,&quot;top&quot;:&quot;&quot;,&quot;right&quot;:&quot;&quot;,&quot;bottom&quot;:&quot;&quot;,&quot;left&quot;:&quot;&quot;,&quot;isLinked&quot;:true},&quot;element_pack_global_tooltip_border_radius&quot;:{&quot;unit&quot;:&quot;px&quot;,&quot;top&quot;:&quot;&quot;,&quot;right&quot;:&quot;&quot;,&quot;bottom&quot;:&quot;&quot;,&quot;left&quot;:&quot;&quot;,&quot;isLinked&quot;:true},&quot;element_pack_global_tooltip_border_radius_tablet&quot;:{&quot;unit&quot;:&quot;px&quot;,&quot;top&quot;:&quot;&quot;,&quot;right&quot;:&quot;&quot;,&quot;bottom&quot;:&quot;&quot;,&quot;left&quot;:&quot;&quot;,&quot;isLinked&quot;:true},&quot;element_pack_global_tooltip_border_radius_mobile&quot;:{&quot;unit&quot;:&quot;px&quot;,&quot;top&quot;:&quot;&quot;,&quot;right&quot;:&quot;&quot;,&quot;bottom&quot;:&quot;&quot;,&quot;left&quot;:&quot;&quot;,&quot;isLinked&quot;:true}}\" data-elementor-post-type=\"page\">\n\t\t\t\t<div class=\"elementor-element elementor-element-57ba6f6 e-flex e-con-boxed e-con e-parent\" data-id=\"57ba6f6\" data-element_type=\"container\" data-e-type=\"container\" data-settings=\"{&quot;ekit_has_onepagescroll_dot&quot;:&quot;yes&quot;}\">\n\t\t\t\t\t<div class=\"e-con-inner\">\n\t\t\t\t<div class=\"elementor-element elementor-element-d2f6706 elementor-widget__width-initial elementor-widget elementor-widget-heading\" data-id=\"d2f6706\" data-element_type=\"widget\" data-e-type=\"widget\" data-settings=\"{&quot;ekit_we_effect_on&quot;:&quot;none&quot;}\" data-widget_type=\"heading.default\">\n\t\t\t\t<div class=\"elementor-widget-container\">\n\t\t\t\t\t<h2 class=\"elementor-heading-title elementor-size-default\">Mentions l\u00e9gales<\/h2>\t\t\t\t<\/div>\n\t\t\t\t<\/div>\n\t\t\t\t\t<\/div>\n\t\t\t\t<\/div>\n\t\t<div class=\"elementor-element elementor-element-bce5fd7 e-flex e-con-boxed e-con e-parent\" data-id=\"bce5fd7\" data-element_type=\"container\" data-e-type=\"container\" data-settings=\"{&quot;ekit_has_onepagescroll_dot&quot;:&quot;yes&quot;}\">\n\t\t\t\t\t<div class=\"e-con-inner\">\n\t\t\t\t<div class=\"elementor-element elementor-element-25ba377 elementor-widget elementor-widget-text-editor\" data-id=\"25ba377\" data-element_type=\"widget\" data-e-type=\"widget\" data-settings=\"{&quot;ekit_we_effect_on&quot;:&quot;none&quot;}\" data-widget_type=\"text-editor.default\">\n\t\t\t\t<div class=\"elementor-widget-container\">\n\t\t\t\t\t\t\t\t\t<p><strong>1. OBJET<\/strong><\/p><p>Les pr\u00e9sentes mentions l\u00e9gales \u00e9tablissent les conditions d\u2019acc\u00e8s et d\u2019utilisation du site Web&nbsp; www.tenias.com, dont Tenias,\u00a0S.A. (ci-apr\u00e8s \u00ab\u00a0TENIAS, S.A.\u00a0\u00bb) est propri\u00e9taire.<\/p><p>En acc\u00e9dant au site Web de TENIAS,\u00a0S.A., vous devenez automatiquement UTILISATEUR de ce dernier, acceptant sans r\u00e9serve l\u2019ensemble des conditions mentionn\u00e9es dans les pr\u00e9sentes mentions l\u00e9gales. Veuillez noter que TENIAS, S.A. peut modifier ces conditions \u00e0 tout moment et sans pr\u00e9avis, toute modification \u00e9tant publi\u00e9e et communiqu\u00e9e dans les meilleurs d\u00e9lais.<\/p><p>Nous vous recommandons donc vivement de lire attentivement le contenu de ces conditions avant d\u2019acc\u00e9der et d\u2019utiliser les informations et les services offerts par ce site\u00a0Web.<\/p><p>En outre, l\u2019utilisateur s\u2019engage \u00e0 utiliser ce site\u00a0Web de mani\u00e8re appropri\u00e9e, dans le respect des l\u00e9gislations en vigueur, de la bonne foi, de l\u2019ordre public, aux usages des donn\u00e9es du trafic et des dispositions des pr\u00e9sentes mentions l\u00e9gales. Il sera tenu responsable envers TENIAS S.A. ou tout tiers pour les dommages et int\u00e9r\u00eats r\u00e9sultant d\u2019un manquement \u00e0 ces obligations.<\/p><p>Toute utilisation autre que celle autoris\u00e9e est express\u00e9ment interdite, TENIAS,\u00a0S.A. se r\u00e9servant le droit de restreindre ou de supprimer l\u2019acc\u00e8s \u00e0 son site\u00a0Web et \u00e0 son utilisation \u00e0 tout moment.<\/p><p>&nbsp;<\/p><p><strong>2. IDENTIFICATION<\/strong><\/p><p>Conform\u00e9ment \u00e0 la loi 34\/2002, du 11\u00a0juillet, sur les services de la soci\u00e9t\u00e9 de l\u2019information et du commerce \u00e9lectronique, TENIAS, S.A. vous informe que\u00a0:<\/p><p>\u2013\u00a0Sa d\u00e9nomination sociale est\u00a0: Tenias,\u00a0S.A.<br \/>\u2013\u00a0Son nom commercial est\u00a0: TENIAS,\u00a0S.A.<br \/>\u2013&nbsp;Son CIF (code d\u2019identification fiscale) est\u00a0: A50042738.<br \/>\u2013&nbsp;Son si\u00e8ge social se trouve au POL\u00cdGONO VALDEFERR\u00cdN C\/3 PARCELA\u00a091, 50600, EJEA\u00a0DE\u00a0LOS\u00a0CABALLEROS, SARAGOSSE.<br \/>\u2013&nbsp;Elle est inscrite au registre du commerce de Saragosse au volume\u00a0253, folio\u00a0189, page\u00a0378, 1re 1\u00aa<\/p><p>&nbsp;<\/p><p><strong>3. COMMUNICATIONS<\/strong><\/p><p>Si vous souhaitez nous contacter, nous mettons \u00e0 votre disposition les diff\u00e9rents canaux de communication suivants\u00a0:<\/p><p>\u2013\u00a0T\u00e9l\u00e9phone\u00a0: (+34)\u00a0976\u00a067\u00a071\u00a050<br \/>\u2013&nbsp;Courrier \u00e9lectronique\u00a0: tenias@tenias.com<br \/>\u2013&nbsp;Adresse postale\u00a0: POL\u00cdGONO VALDEFERR\u00cdN, C\/3, PARCELA\u00a091, 50600, EJEA\u00a0DE\u00a0LOS\u00a0CABALLEROS, SARAGOSSE<\/p><p>Toute notification ou communication entre l\u2019utilisateur et TENIAS,\u00a0S.A. ne sera consid\u00e9r\u00e9e comme valide et effective que si elle est r\u00e9alis\u00e9e par le biais de l\u2019un des canaux susmentionn\u00e9s.<\/p><p>&nbsp;<\/p><p><strong>4. CONDITIONS D\u2019ACC\u00c8S ET D\u2019UTILISATION<\/strong><\/p><p>L\u2019acc\u00e8s au site\u00a0Web et aux services propos\u00e9s est enti\u00e8rement libre et gratuit. Toutefois, TENIAS, S.A. peut exiger que l\u2019utilisateur remplisse un formulaire pour acc\u00e9der \u00e0 certains services propos\u00e9s sur le site Web.<\/p><p>Dans ce cas, l\u2019utilisateur s\u2019engage \u00e0 fournir \u00e0 TENIAS, S.A. des informations v\u00e9ridiques et \u00e0 jour, et sera seul responsable des \u00e9ventuelles donn\u00e9es fausses ou inexactes communiqu\u00e9es.<\/p><p>En outre, l\u2019utilisateur s\u2019engage express\u00e9ment \u00e0 utiliser les contenus et services de TENIAS, S.A. de mani\u00e8re appropri\u00e9e et \u00e0 s\u2019abstenir de les utiliser, notamment, aux fins suivantes\u00a0:<\/p><p>\u2013\u00a0Diffuser tout contenu \u00e0 caract\u00e8re criminel, violent, pornographique, raciste, x\u00e9nophobe, offensant, faisant l\u2019apologie du terrorisme ou, plus g\u00e9n\u00e9ralement, contraire \u00e0 la loi ou \u00e0 l\u2019ordre public.<br \/>\u2013&nbsp;Introduire des virus informatiques dans le r\u00e9seau ou mener des op\u00e9rations visant \u00e0 alt\u00e9rer, corrompre, interrompre, provoquer des erreurs ou causer des dommages aux documents \u00e9lectroniques, donn\u00e9es ou syst\u00e8mes physiques et logiques de TENIAS,\u00a0S.A. &nbsp;ou de tiers\u00a0; perturber l\u2019acc\u00e8s d\u2019autres utilisateurs au site\u00a0Web et \u00e0 ses services par la consommation massive des ressources informatiques utilis\u00e9es par TENIAS, S.A. pour &nbsp;fournir ses services.<br \/>\u2013&nbsp;Tenter d\u2019acc\u00e9der aux bo\u00eetes de messagerie d\u2019autres utilisateurs ou aux zones restreintes des syst\u00e8mes de TENIAS,\u00a0S.A. &nbsp;ou de tiers, et \u00e9ventuellement d\u2019en r\u00e9cup\u00e9rer des informations.<br \/>\u2013&nbsp;Violer les droits de propri\u00e9t\u00e9 intellectuelle ou industrielle et compromettre la confidentialit\u00e9 des donn\u00e9es ou informations de TENIAS,\u00a0S.A. &nbsp;ou de tiers.<br \/>\u2013&nbsp;Usurper l\u2019identit\u00e9 d\u2019un autre utilisateur.<br \/>\u2013&nbsp;Reproduire, copier, diffuser, partager ou communiquer publiquement, transformer ou modifier les contenus, sans disposer de l\u2019autorisation pr\u00e9alable du titulaire des droits ou de l\u2019autorisation l\u00e9gale pertinente.<br \/>\u2013&nbsp;Collecter des donn\u00e9es \u00e0 des fins publicitaires, ou envoyer tout type de publicit\u00e9 et de communications \u00e0 des fins de vente ou commerciales sans demande ou consentement pr\u00e9alables.<\/p><p>Tous les contenus du site\u00a0Web, y compris les textes, les photographies, les graphiques, les images, les ic\u00f4nes, la technologie, les logiciels, ainsi que leur conception graphique et leurs codes sources, constitue une \u0153uvre prot\u00e9g\u00e9e, dont la propri\u00e9t\u00e9 appartient exclusivement \u00e0 TENIAS,\u00a0S.A., et aucun droit d\u2019exploitation n\u2019est accord\u00e9 \u00e0 l\u2019utilisateur, au-del\u00e0 de ce qui est strictement n\u00e9cessaire \u00e0 l\u2019utilisation correcte du site\u00a0Web.<\/p><p>En d\u2019autres termes, les utilisateurs qui acc\u00e8dent \u00e0 ce site\u00a0Web peuvent consulter les contenus et, le cas \u00e9ch\u00e9ant, r\u00e9aliser des copies priv\u00e9es et autoris\u00e9es, \u00e0 condition que les \u00e9l\u00e9ments reproduits ne soient ni transf\u00e9r\u00e9s \u00e0 des tiers, ni stock\u00e9s sur des serveurs connect\u00e9s \u00e0 des r\u00e9seaux, ni exploit\u00e9s de quelque mani\u00e8re que ce soit.<\/p><p>De m\u00eame, l\u2019ensemble des marques, noms commerciaux et autres signes distinctifs pr\u00e9sents sur le site Web appartient exclusivement \u00e0 TENIAS, S.A. L\u2019acc\u00e8s ou l\u2019utilisation du site ne conf\u00e8rent aucun droit \u00e0 l\u2019utilisateur sur ces \u00e9l\u00e9ments.<\/p><p>La distribution, la modification, la cession ou la communication publique des contenus, et toute autre action n\u2019ayant pas \u00e9t\u00e9 express\u00e9ment autoris\u00e9e par le titulaire des droits d\u2019exploitation, sont strictement interdites.<\/p><p>L\u2019insertion d\u2019un lien hypertexte ne saurait en aucun cas \u00eatre interpr\u00e9t\u00e9e comme l\u2019existence d\u2019une relation entre TENIAS,\u00a0S.A. &nbsp;et le propri\u00e9taire du site sur lequel il est int\u00e9gr\u00e9, ni comme une approbation ou validation par TENIAS, S.A. &nbsp;de ses contenus ou services.<\/p><p>Par ailleurs, TENIAS,\u00a0S.A. ne saurait \u00eatre tenue pour responsable de l\u2019utilisation que les utilisateurs pourraient faire des contenus pr\u00e9sents sur ce site\u00a0Web, ni des actions qu\u2019ils pourraient accomplir sur cette base.<\/p><p>&nbsp;<\/p><p>4.1\u00a0EXCLUSION DE GARANTIE ET LIMITATION DE RESPONSABILIT\u00c9 CONCERNANT L\u2019ACC\u00c8S ET L\u2019UTILISATION<\/p><p>Cette clause ne vise pas \u00e0 limiter la responsabilit\u00e9 de TENIAS S.A. de mani\u00e8re incompatible avec les r\u00e9glementations nationales en vigueur ni \u00e0 l\u2019exempter des cas o\u00f9 cette responsabilit\u00e9 ne peut \u00eatre exclue en vertu de ces r\u00e9glementations.<br \/>TENIAS,\u00a0S.A. d\u00e9cline, dans les limites autoris\u00e9es par la l\u00e9gislation en vigueur, toute responsabilit\u00e9 quant aux dommages et int\u00e9r\u00eats de toute nature pouvant d\u00e9couler\u00a0:<\/p><p>\u2013&nbsp;De l\u2019impossibilit\u00e9 d\u2019acc\u00e9der au site Web.<br \/>\u2013&nbsp;D\u2019une infraction aux dispositions l\u00e9gales, aux principes de bonne foi, \u00e0 l\u2019ordre public, aux usages des donn\u00e9es du trafic ainsi qu\u2019aux conditions des pr\u00e9sentes mentions l\u00e9gales, r\u00e9sultant d\u2019une utilisation inappropri\u00e9e du site\u00a0Web. Notamment, \u00e0 titre d\u2019exemple non limitatif, TENIAS,\u00a0S.A. &nbsp;ne peut \u00eatre tenue pour responsable des actes de tiers portant atteinte aux droits de propri\u00e9t\u00e9 intellectuelle ou industrielle, aux secrets d\u2019affaires, aux droits relatifs \u00e0 l\u2019honneur, \u00e0 la vie priv\u00e9e et \u00e0 l\u2019image, ainsi qu\u2019aux r\u00e9glementations en mati\u00e8re de concurrence d\u00e9loyale ou de publicit\u00e9 illicite.<\/p><p>De m\u00eame, TENIAS,\u00a0S.A. &nbsp;d\u00e9cline toute responsabilit\u00e9 concernant les informations pr\u00e9sentes sur des sites externes, qui ne sont pas directement contr\u00f4l\u00e9es par notre Webmaster. Les liens figurant sur ce site Web servent uniquement \u00e0 informer l\u2019utilisateur de l\u2019existence d\u2019autres sources susceptibles d\u2019enrichir les contenus propos\u00e9s sur ce site\u00a0Web. TENIAS, S.A. ne saurait garantir l\u2019acc\u00e8s ou le bon fonctionnement des sites externes li\u00e9s. De plus, elle n\u2019encourage, ni n\u2019invite, ni ne recommande la visite de ces sites, et d\u00e9cline toute responsabilit\u00e9 quant aux r\u00e9sultats pouvant en d\u00e9couler. TENIAS, S.A. d\u00e9cline toute responsabilit\u00e9 concernant la cr\u00e9ation de liens hypertextes par des tiers.<\/p><p>&nbsp;<\/p><p>4.2\u00a0PROC\u00c9DURE EN CAS D\u2019ACTIVIT\u00c9S ILLICITES<\/p><p>Si un utilisateur ou un tiers estime qu\u2019il existe des faits ou circonstances indiquant qu\u2019un contenu ou une activit\u00e9, d\u2019une page de ce site\u00a0Web ou accessible \u00e0 travers ce site, est utilis\u00e9 de mani\u00e8re illicite, il doit en informer TENIAS,\u00a0S.A., en s\u2019identifiant correctement et en d\u00e9taillant les infractions pr\u00e9sum\u00e9es.<\/p><p>&nbsp;<\/p><p>4.3\u00a0PUBLICATIONS<\/p><p>Les informations administratives mises \u00e0 disposition sur ce site\u00a0Web ne sauraient en aucun cas se substituer \u00e0 l\u2019annonce l\u00e9gale des lois, r\u00e9glementations, plans, dispositions g\u00e9n\u00e9rales et actes devant \u00eatre publi\u00e9s dans les journaux officiels des administrations publiques, lesquels sont les seuls documents attestant de leur authenticit\u00e9 et de leur contenu. Les informations fournies sur ce site Web sont destin\u00e9es \u00e0 servir de guide et ne rev\u00eatent aucune validit\u00e9 l\u00e9gale.<\/p><p>&nbsp;<\/p><p><strong>5. L\u00c9GISLATION APPLICABLE<\/strong><\/p><p>Les pr\u00e9sentes conditions sont r\u00e9gies par la l\u00e9gislation espagnole en vigueur.<\/p><p>La langue utilis\u00e9e est le castillan (langue officielle de l\u2019\u00c9tat espagnol).<\/p>\t\t\t\t\t\t\t\t<\/div>\n\t\t\t\t<\/div>\n\t\t\t\t\t<\/div>\n\t\t\t\t<\/div>\n\t\t\t\t<\/div>\n\t\t","protected":false},"excerpt":{"rendered":"<p>Mentions l\u00e9gales 1. OBJET Les pr\u00e9sentes mentions l\u00e9gales \u00e9tablissent les conditions d\u2019acc\u00e8s et d\u2019utilisation du site Web&nbsp; www.tenias.com, dont Tenias,\u00a0S.A. (ci-apr\u00e8s \u00ab\u00a0TENIAS, S.A.\u00a0\u00bb) est propri\u00e9taire. En acc\u00e9dant au site Web de TENIAS,\u00a0S.A., vous devenez automatiquement UTILISATEUR de ce dernier, acceptant sans r\u00e9serve l\u2019ensemble des conditions mentionn\u00e9es dans les pr\u00e9sentes mentions l\u00e9gales. Veuillez noter que TENIAS, [&hellip;]<\/p>\n","protected":false},"author":1,"featured_media":0,"parent":0,"menu_order":0,"comment_status":"closed","ping_status":"closed","template":"","meta":{"inline_featured_image":false,"footnotes":""},"class_list":["post-25871","page","type-page","status-publish","hentry"],"yoast_head":"<!-- This site is optimized with the Yoast SEO plugin v26.9 - https:\/\/yoast.com\/product\/yoast-seo-wordpress\/ -->\n<title>Mentions l\u00e9gales - TENIAS CARGADORES<\/title>\n<meta name=\"robots\" content=\"index, follow, max-snippet:-1, max-image-preview:large, max-video-preview:-1\" \/>\n<link rel=\"canonical\" href=\"https:\/\/tenias.com\/fr\/mentions-legales\/\" \/>\n<meta property=\"og:locale\" content=\"fr_FR\" \/>\n<meta property=\"og:type\" content=\"article\" \/>\n<meta property=\"og:title\" content=\"Mentions l\u00e9gales - TENIAS CARGADORES\" \/>\n<meta property=\"og:description\" content=\"Mentions l\u00e9gales 1. OBJET Les pr\u00e9sentes mentions l\u00e9gales \u00e9tablissent les conditions d\u2019acc\u00e8s et d\u2019utilisation du site Web&nbsp; www.tenias.com, dont Tenias,\u00a0S.A. (ci-apr\u00e8s \u00ab\u00a0TENIAS, S.A.\u00a0\u00bb) est propri\u00e9taire. En acc\u00e9dant au site Web de TENIAS,\u00a0S.A., vous devenez automatiquement UTILISATEUR de ce dernier, acceptant sans r\u00e9serve l\u2019ensemble des conditions mentionn\u00e9es dans les pr\u00e9sentes mentions l\u00e9gales. Veuillez noter que TENIAS, [&hellip;]\" \/>\n<meta property=\"og:url\" content=\"https:\/\/tenias.com\/fr\/mentions-legales\/\" \/>\n<meta property=\"og:site_name\" content=\"TENIAS CARGADORES\" \/>\n<meta property=\"article:publisher\" content=\"https:\/\/www.facebook.com\/grupotenias\/\" \/>\n<meta property=\"article:modified_time\" content=\"2025-06-11T07:09:38+00:00\" \/>\n<meta name=\"twitter:card\" content=\"summary_large_image\" \/>\n<meta name=\"twitter:label1\" content=\"Dur\u00e9e de lecture estim\u00e9e\" \/>\n\t<meta name=\"twitter:data1\" content=\"8 minutes\" \/>\n<script type=\"application\/ld+json\" class=\"yoast-schema-graph\">{\"@context\":\"https:\/\/schema.org\",\"@graph\":[{\"@type\":\"WebPage\",\"@id\":\"https:\/\/tenias.com\/fr\/mentions-legales\/\",\"url\":\"https:\/\/tenias.com\/fr\/mentions-legales\/\",\"name\":\"Mentions l\u00e9gales - TENIAS CARGADORES\",\"isPartOf\":{\"@id\":\"https:\/\/tenias.com\/#website\"},\"datePublished\":\"2025-04-09T09:05:42+00:00\",\"dateModified\":\"2025-06-11T07:09:38+00:00\",\"breadcrumb\":{\"@id\":\"https:\/\/tenias.com\/fr\/mentions-legales\/#breadcrumb\"},\"inLanguage\":\"fr-FR\",\"potentialAction\":[{\"@type\":\"ReadAction\",\"target\":[\"https:\/\/tenias.com\/fr\/mentions-legales\/\"]}]},{\"@type\":\"BreadcrumbList\",\"@id\":\"https:\/\/tenias.com\/fr\/mentions-legales\/#breadcrumb\",\"itemListElement\":[{\"@type\":\"ListItem\",\"position\":1,\"name\":\"Inicio\",\"item\":\"https:\/\/tenias.com\/\"},{\"@type\":\"ListItem\",\"position\":2,\"name\":\"Mentions l\u00e9gales\"}]},{\"@type\":\"WebSite\",\"@id\":\"https:\/\/tenias.com\/#website\",\"url\":\"https:\/\/tenias.com\/\",\"name\":\"TENIAS CARGADORES\",\"description\":\"S&oacute;lo otro sitio de WordPress\",\"publisher\":{\"@id\":\"https:\/\/tenias.com\/#organization\"},\"potentialAction\":[{\"@type\":\"SearchAction\",\"target\":{\"@type\":\"EntryPoint\",\"urlTemplate\":\"https:\/\/tenias.com\/?s={search_term_string}\"},\"query-input\":{\"@type\":\"PropertyValueSpecification\",\"valueRequired\":true,\"valueName\":\"search_term_string\"}}],\"inLanguage\":\"fr-FR\"},{\"@type\":\"Organization\",\"@id\":\"https:\/\/tenias.com\/#organization\",\"name\":\"TENIAS CARGADORES\",\"url\":\"https:\/\/tenias.com\/\",\"logo\":{\"@type\":\"ImageObject\",\"inLanguage\":\"fr-FR\",\"@id\":\"https:\/\/tenias.com\/#\/schema\/logo\/image\/\",\"url\":\"https:\/\/tenias.com\/wp-content\/uploads\/2022\/07\/LOGO-CARGADOR-OK.png\",\"contentUrl\":\"https:\/\/tenias.com\/wp-content\/uploads\/2022\/07\/LOGO-CARGADOR-OK.png\",\"width\":2543,\"height\":704,\"caption\":\"TENIAS CARGADORES\"},\"image\":{\"@id\":\"https:\/\/tenias.com\/#\/schema\/logo\/image\/\"},\"sameAs\":[\"https:\/\/www.facebook.com\/grupotenias\/\",\"https:\/\/www.linkedin.com\/company\/74033718\/\",\"https:\/\/www.instagram.com\/grupotenias\/\",\"https:\/\/www.youtube.com\/@palastenias\"]}]}<\/script>\n<!-- \/ Yoast SEO plugin. -->","yoast_head_json":{"title":"Mentions l\u00e9gales - TENIAS CARGADORES","robots":{"index":"index","follow":"follow","max-snippet":"max-snippet:-1","max-image-preview":"max-image-preview:large","max-video-preview":"max-video-preview:-1"},"canonical":"https:\/\/tenias.com\/fr\/mentions-legales\/","og_locale":"fr_FR","og_type":"article","og_title":"Mentions l\u00e9gales - TENIAS CARGADORES","og_description":"Mentions l\u00e9gales 1. OBJET Les pr\u00e9sentes mentions l\u00e9gales \u00e9tablissent les conditions d\u2019acc\u00e8s et d\u2019utilisation du site Web&nbsp; www.tenias.com, dont Tenias,\u00a0S.A. (ci-apr\u00e8s \u00ab\u00a0TENIAS, S.A.\u00a0\u00bb) est propri\u00e9taire. En acc\u00e9dant au site Web de TENIAS,\u00a0S.A., vous devenez automatiquement UTILISATEUR de ce dernier, acceptant sans r\u00e9serve l\u2019ensemble des conditions mentionn\u00e9es dans les pr\u00e9sentes mentions l\u00e9gales. Veuillez noter que TENIAS, [&hellip;]","og_url":"https:\/\/tenias.com\/fr\/mentions-legales\/","og_site_name":"TENIAS CARGADORES","article_publisher":"https:\/\/www.facebook.com\/grupotenias\/","article_modified_time":"2025-06-11T07:09:38+00:00","twitter_card":"summary_large_image","twitter_misc":{"Dur\u00e9e de lecture estim\u00e9e":"8 minutes"},"schema":{"@context":"https:\/\/schema.org","@graph":[{"@type":"WebPage","@id":"https:\/\/tenias.com\/fr\/mentions-legales\/","url":"https:\/\/tenias.com\/fr\/mentions-legales\/","name":"Mentions l\u00e9gales - TENIAS CARGADORES","isPartOf":{"@id":"https:\/\/tenias.com\/#website"},"datePublished":"2025-04-09T09:05:42+00:00","dateModified":"2025-06-11T07:09:38+00:00","breadcrumb":{"@id":"https:\/\/tenias.com\/fr\/mentions-legales\/#breadcrumb"},"inLanguage":"fr-FR","potentialAction":[{"@type":"ReadAction","target":["https:\/\/tenias.com\/fr\/mentions-legales\/"]}]},{"@type":"BreadcrumbList","@id":"https:\/\/tenias.com\/fr\/mentions-legales\/#breadcrumb","itemListElement":[{"@type":"ListItem","position":1,"name":"Inicio","item":"https:\/\/tenias.com\/"},{"@type":"ListItem","position":2,"name":"Mentions l\u00e9gales"}]},{"@type":"WebSite","@id":"https:\/\/tenias.com\/#website","url":"https:\/\/tenias.com\/","name":"TENIAS CARGADORES","description":"S&oacute;lo otro sitio de WordPress","publisher":{"@id":"https:\/\/tenias.com\/#organization"},"potentialAction":[{"@type":"SearchAction","target":{"@type":"EntryPoint","urlTemplate":"https:\/\/tenias.com\/?s={search_term_string}"},"query-input":{"@type":"PropertyValueSpecification","valueRequired":true,"valueName":"search_term_string"}}],"inLanguage":"fr-FR"},{"@type":"Organization","@id":"https:\/\/tenias.com\/#organization","name":"TENIAS CARGADORES","url":"https:\/\/tenias.com\/","logo":{"@type":"ImageObject","inLanguage":"fr-FR","@id":"https:\/\/tenias.com\/#\/schema\/logo\/image\/","url":"https:\/\/tenias.com\/wp-content\/uploads\/2022\/07\/LOGO-CARGADOR-OK.png","contentUrl":"https:\/\/tenias.com\/wp-content\/uploads\/2022\/07\/LOGO-CARGADOR-OK.png","width":2543,"height":704,"caption":"TENIAS CARGADORES"},"image":{"@id":"https:\/\/tenias.com\/#\/schema\/logo\/image\/"},"sameAs":["https:\/\/www.facebook.com\/grupotenias\/","https:\/\/www.linkedin.com\/company\/74033718\/","https:\/\/www.instagram.com\/grupotenias\/","https:\/\/www.youtube.com\/@palastenias"]}]}},"_links":{"self":[{"href":"https:\/\/tenias.com\/fr\/wp-json\/wp\/v2\/pages\/25871","targetHints":{"allow":["GET"]}}],"collection":[{"href":"https:\/\/tenias.com\/fr\/wp-json\/wp\/v2\/pages"}],"about":[{"href":"https:\/\/tenias.com\/fr\/wp-json\/wp\/v2\/types\/page"}],"author":[{"embeddable":true,"href":"https:\/\/tenias.com\/fr\/wp-json\/wp\/v2\/users\/1"}],"replies":[{"embeddable":true,"href":"https:\/\/tenias.com\/fr\/wp-json\/wp\/v2\/comments?post=25871"}],"version-history":[{"count":3,"href":"https:\/\/tenias.com\/fr\/wp-json\/wp\/v2\/pages\/25871\/revisions"}],"predecessor-version":[{"id":26838,"href":"https:\/\/tenias.com\/fr\/wp-json\/wp\/v2\/pages\/25871\/revisions\/26838"}],"wp:attachment":[{"href":"https:\/\/tenias.com\/fr\/wp-json\/wp\/v2\/media?parent=25871"}],"curies":[{"name":"wp","href":"https:\/\/api.w.org\/{rel}","templated":true}]}}