{"id":25869,"date":"2025-04-09T12:32:51","date_gmt":"2025-04-09T12:32:51","guid":{"rendered":"https:\/\/tenias.com\/politique-de-confidentialite\/"},"modified":"2025-06-11T07:09:38","modified_gmt":"2025-06-11T07:09:38","slug":"politique-de-confidentialite","status":"publish","type":"page","link":"https:\/\/tenias.com\/fr\/politique-de-confidentialite\/","title":{"rendered":"Politique de confidentialit\u00e9"},"content":{"rendered":"\t\t<div data-elementor-type=\"wp-page\" data-elementor-id=\"25869\" class=\"elementor elementor-25869 elementor-13054\" data-elementor-settings=\"{&quot;element_pack_global_tooltip_width&quot;:{&quot;unit&quot;:&quot;px&quot;,&quot;size&quot;:&quot;&quot;,&quot;sizes&quot;:[]},&quot;element_pack_global_tooltip_width_tablet&quot;:{&quot;unit&quot;:&quot;px&quot;,&quot;size&quot;:&quot;&quot;,&quot;sizes&quot;:[]},&quot;element_pack_global_tooltip_width_mobile&quot;:{&quot;unit&quot;:&quot;px&quot;,&quot;size&quot;:&quot;&quot;,&quot;sizes&quot;:[]},&quot;element_pack_global_tooltip_padding&quot;:{&quot;unit&quot;:&quot;px&quot;,&quot;top&quot;:&quot;&quot;,&quot;right&quot;:&quot;&quot;,&quot;bottom&quot;:&quot;&quot;,&quot;left&quot;:&quot;&quot;,&quot;isLinked&quot;:true},&quot;element_pack_global_tooltip_padding_tablet&quot;:{&quot;unit&quot;:&quot;px&quot;,&quot;top&quot;:&quot;&quot;,&quot;right&quot;:&quot;&quot;,&quot;bottom&quot;:&quot;&quot;,&quot;left&quot;:&quot;&quot;,&quot;isLinked&quot;:true},&quot;element_pack_global_tooltip_padding_mobile&quot;:{&quot;unit&quot;:&quot;px&quot;,&quot;top&quot;:&quot;&quot;,&quot;right&quot;:&quot;&quot;,&quot;bottom&quot;:&quot;&quot;,&quot;left&quot;:&quot;&quot;,&quot;isLinked&quot;:true},&quot;element_pack_global_tooltip_border_radius&quot;:{&quot;unit&quot;:&quot;px&quot;,&quot;top&quot;:&quot;&quot;,&quot;right&quot;:&quot;&quot;,&quot;bottom&quot;:&quot;&quot;,&quot;left&quot;:&quot;&quot;,&quot;isLinked&quot;:true},&quot;element_pack_global_tooltip_border_radius_tablet&quot;:{&quot;unit&quot;:&quot;px&quot;,&quot;top&quot;:&quot;&quot;,&quot;right&quot;:&quot;&quot;,&quot;bottom&quot;:&quot;&quot;,&quot;left&quot;:&quot;&quot;,&quot;isLinked&quot;:true},&quot;element_pack_global_tooltip_border_radius_mobile&quot;:{&quot;unit&quot;:&quot;px&quot;,&quot;top&quot;:&quot;&quot;,&quot;right&quot;:&quot;&quot;,&quot;bottom&quot;:&quot;&quot;,&quot;left&quot;:&quot;&quot;,&quot;isLinked&quot;:true}}\" data-elementor-post-type=\"page\">\n\t\t\t\t<div class=\"elementor-element elementor-element-886be35 e-flex e-con-boxed e-con e-parent\" data-id=\"886be35\" data-element_type=\"container\" data-e-type=\"container\" data-settings=\"{&quot;ekit_has_onepagescroll_dot&quot;:&quot;yes&quot;}\">\n\t\t\t\t\t<div class=\"e-con-inner\">\n\t\t\t\t<div class=\"elementor-element elementor-element-57ea728 elementor-widget__width-initial elementor-widget elementor-widget-heading\" data-id=\"57ea728\" data-element_type=\"widget\" data-e-type=\"widget\" data-settings=\"{&quot;ekit_we_effect_on&quot;:&quot;none&quot;}\" data-widget_type=\"heading.default\">\n\t\t\t\t<div class=\"elementor-widget-container\">\n\t\t\t\t\t<h2 class=\"elementor-heading-title elementor-size-default\">Politique de confidentialit\u00e9<\/h2>\t\t\t\t<\/div>\n\t\t\t\t<\/div>\n\t\t\t\t\t<\/div>\n\t\t\t\t<\/div>\n\t\t<div class=\"elementor-element elementor-element-adb5d11 e-flex e-con-boxed e-con e-parent\" data-id=\"adb5d11\" data-element_type=\"container\" data-e-type=\"container\" data-settings=\"{&quot;ekit_has_onepagescroll_dot&quot;:&quot;yes&quot;}\">\n\t\t\t\t\t<div class=\"e-con-inner\">\n\t\t\t\t<div class=\"elementor-element elementor-element-faf6b28 elementor-widget elementor-widget-text-editor\" data-id=\"faf6b28\" data-element_type=\"widget\" data-e-type=\"widget\" data-settings=\"{&quot;ekit_we_effect_on&quot;:&quot;none&quot;}\" data-widget_type=\"text-editor.default\">\n\t\t\t\t<div class=\"elementor-widget-container\">\n\t\t\t\t\t\t\t\t\t<p>Conform\u00e9ment au R\u00e8glement (UE) 2016\/679 du Parlement europ\u00e9en et du Conseil du 27\u00a0avril\u00a02016 relatif \u00e0 la protection des personnes physiques quant au traitement des donn\u00e9es \u00e0 caract\u00e8re personnel et \u00e0 la libre circulation des donn\u00e9es, \u00e0 la loi organique 3\/2018, du 5\u00a0d\u00e9cembre, relative \u00e0 la protection des donn\u00e9es \u00e0 caract\u00e8re personnel et \u00e0 la garantie des droits num\u00e9riques, ainsi qu\u2019\u00e0 ses r\u00e8glements d\u2019application, nous mettons \u00e0 votre disposition, dans la pr\u00e9sente Politique de confidentialit\u00e9, toutes les informations l\u00e9gales obligatoires.<\/p><p><strong>Qui est le responsable du traitement de vos donn\u00e9es personnelles\u00a0?<\/strong><\/p><p>\u2013\u00a0Identit\u00e9 du responsable du traitement\u00a0: Tenias,\u00a0S.A. (ci-apr\u00e8s \u00ab\u00a0TENIAS, S.A.\u00a0\u00bb)<br \/>\u2013&nbsp;Adresse postale\u00a0: POL\u00cdGONO VALDEFERR\u00cdN, C\/3, PARCELA\u00a091, 50600, EJEA\u00a0DE\u00a0LOS\u00a0CABALLEROS, SARAGOSSE<br \/>\u2013&nbsp;T\u00e9l\u00e9phone\u00a0: (+34)\u00a0976\u00a067\u00a071\u00a050<br \/>\u2013&nbsp;Courrier \u00e9lectronique\u00a0: tenias@tenias.com<\/p><p><strong>Quelles sont les finalit\u00e9s du traitement de vos donn\u00e9es\u00a0personnelles\u00a0?<\/strong><\/p><p>TENIAS, S.A. traite les donn\u00e9es fournies par les personnes concern\u00e9es dans le but d\u2019assurer la prestation ou la commercialisation de ses produits et services, ainsi que pour l\u2019envoi de communications commerciales.<\/p><p>Les donn\u00e9es fournies ne font l\u2019objet d\u2019aucune prise de d\u00e9cision automatis\u00e9e.<\/p><p><strong>Combien de temps vos donn\u00e9es personnelles sont-elles conserv\u00e9es\u00a0?<\/strong><\/p><p>Les donn\u00e9es personnelles sont conserv\u00e9es pendant la dur\u00e9e strictement n\u00e9cessaire pour assurer la prestation du service ou la vente du produit, sauf demande de suppression de la part de la personne concern\u00e9e, et pendant les d\u00e9lais fix\u00e9s par la loi.<\/p><p><strong>Quel est le fondement juridique pour le traitement de vos donn\u00e9es personnelles\u00a0?<\/strong><\/p><p>La base juridique du traitement des donn\u00e9es personnelles est fond\u00e9e, selon le cas, sur le consentement de la personne concern\u00e9e,&nbsp; l\u2019ex\u00e9cution d\u2019un contrat ou l\u2019existence d\u2019un int\u00e9r\u00eat l\u00e9gitime.<\/p><p>Le traitement des donn\u00e9es personnelles aux fins d\u2019envoi de communications commerciales \u00e0 nos clients et contacts enregistr\u00e9s sur notre site Web repose sur l\u2019int\u00e9r\u00eat l\u00e9gitime reconnu par le r\u00e8glement europ\u00e9en sur la protection des donn\u00e9es et par la loi relative aux services de la soci\u00e9t\u00e9 de l\u2019information et du commerce \u00e9lectronique. Dans le cas o\u00f9 vous ne souhaiteriez plus recevoir de courriels commerciaux, nous inclurons dans chaque message la possibilit\u00e9 d\u2019exercer votre droit d\u2019opposition \u00e0 ce traitement.&nbsp;<\/p><p><strong>\u00c0 quels destinataires vos donn\u00e9es sont-elles communiqu\u00e9es\u00a0?<\/strong><\/p><p>Les donn\u00e9es personnelles ne font l\u2019objet d\u2019aucune communication \u00e0 des tiers, sauf en cas d\u2019obligation l\u00e9gale.&nbsp;<\/p><p><strong>Transferts des donn\u00e9es personnelles vers des pays tiers<\/strong><\/p><p>Aucun transfert des donn\u00e9es personnelles vers des pays tiers n\u2019est envisag\u00e9.<\/p><p><strong>Quels sont vos droits lorsque vous nous fournissez vos donn\u00e9es personnelles\u00a0?<\/strong><\/p><p>Toute personne concern\u00e9e peut interroger TENIAS,\u00a0S.A. afin de savoir si ses donn\u00e9es personnelles font l\u2019objet d\u2019un traitement.<\/p><p>Les personnes concern\u00e9es ont le droit d\u2019acc\u00e9der \u00e0 leurs donn\u00e9es personnelles, de demander la rectification des donn\u00e9es personnelles inexactes ou, le cas \u00e9ch\u00e9ant, de demander que leurs donn\u00e9es personnelles soient supprim\u00e9es lorsque, entre autres, ces derni\u00e8res ne sont plus n\u00e9cessaires aux fins pour lesquelles elles ont \u00e9t\u00e9 collect\u00e9es. De m\u00eame, vous avez le droit \u00e0 la portabilit\u00e9 de vos donn\u00e9es personnelles.<\/p><p>Dans certains cas, les personnes concern\u00e9es peuvent demander la limitation du traitement de leurs donn\u00e9es\u00a0; auquel cas nous pourrons conserver ces donn\u00e9es pour l\u2019exercice ou la d\u00e9fense de droits en justice.<\/p><p>Dans certaines circonstances et pour des raisons li\u00e9es \u00e0 leur situation particuli\u00e8re, les personnes concern\u00e9es ont le droit de s\u2019opposer au traitement de leurs donn\u00e9es personnelles. Dans ce cas, TENIAS,\u00a0S.A. cessera de traiter ces donn\u00e9es, \u00e0 moins qu\u2019il existe des motifs l\u00e9gitimes et imp\u00e9rieux pour le traitement, ou pour l\u2019exercice ou la d\u00e9fense de droits en justice.<\/p><p>Vous pouvez exercer vos droits en envoyant un courrier \u00e9lectronique \u00e0 l\u2019adresse tenias@tenias.com&nbsp;, en vous identifiant de mani\u00e8re appropri\u00e9e et en pr\u00e9cisant clairement le droit que vous souhaitez exercer.<\/p><p>Si vous avez consenti \u00e0 un traitement pour une finalit\u00e9 sp\u00e9cifique, vous avez le droit de retirer votre consentement \u00e0 tout moment. Le retrait du consentement ne compromet pas la lic\u00e9it\u00e9 du traitement fond\u00e9 sur le consentement effectu\u00e9 avant ce retrait.<\/p><p>Si vous estimez qu\u2019il y a eu une violation de vos droits, notamment concernant la protection de vos donn\u00e9es personnelles, et si vous n\u2019avez pas obtenu satisfaction dans le cadre de l\u2019exercice de vos droits, vous pouvez &nbsp;saisir le d\u00e9l\u00e9gu\u00e9 \u00e0 la protection des donn\u00e9es, d\u00e9sign\u00e9 \u00e0 cet effet, &nbsp;ou d\u00e9poser une plainte aupr\u00e8s de l\u2019Agence espagnole de protection des donn\u00e9es (AEPD) via son site officiel\u00a0: www.aepd.es.<\/p><p><strong>Plus d\u2019informations sur le traitement de vos donn\u00e9es personnelles<\/strong><\/p><p>Si nous avons besoin d\u2019obtenir des informations vous concernant, nous vous demanderons toujours de nous les fournir de mani\u00e8re volontaire et avec votre consentement explicite, en utilisant les moyens pr\u00e9vus \u00e0 cet effet.<\/p><p>Les traitements des donn\u00e9es personnelles recueillies \u00e0 travers les formulaires pr\u00e9sents sur le site Web, ou par tout autre moyen, sont incorpor\u00e9s au fichier des activit\u00e9s de traitement dont TENIAS,\u00a0S.A. est responsable.<\/p><p>TENIAS,\u00a0S.A. garantit la confidentialit\u00e9 des donn\u00e9es trait\u00e9es et applique les mesures techniques et organisationnelles n\u00e9cessaires afin d\u2019assurer un niveau de s\u00e9curit\u00e9 de traitement conforme aux dispositions du r\u00e8glement (UE)\u00a02016\/679 du Parlement europ\u00e9en et du Conseil du 27\u00a0avril\u00a02016 et aux autres r\u00e9glementations en vigueur relatives \u00e0 la protection des donn\u00e9es personnelles.<\/p><p>N\u00e9anmoins, TENIAS, S.A. ne saurait garantir l\u2019invuln\u00e9rabilit\u00e9 totale de ses syst\u00e8mes et d\u00e9cline donc toute responsabilit\u00e9 quant aux dommages et int\u00e9r\u00eats r\u00e9sultant d\u2019alt\u00e9rations effectu\u00e9es par des tiers sur les syst\u00e8mes informatiques, les documents \u00e9lectroniques ou les fichiers des utilisateurs.<\/p><p>Dans le cas o\u00f9 l\u2019utilisateur quitterait notre site Web en utilisant des liens vers des sites n\u2019appartenant pas \u00e0 notre entit\u00e9, TENIAS,\u00a0S.A. ne saurait \u00eatre tenue pour responsable des politiques de confidentialit\u00e9 appliqu\u00e9es par ces sites ni des cookies qu\u2019ils pourraient installer sur le terminal de l\u2019utilisateur.<\/p>\t\t\t\t\t\t\t\t<\/div>\n\t\t\t\t<\/div>\n\t\t\t\t\t<\/div>\n\t\t\t\t<\/div>\n\t\t\t\t<\/div>\n\t\t","protected":false},"excerpt":{"rendered":"<p>Politique de confidentialit\u00e9 Conform\u00e9ment au R\u00e8glement (UE) 2016\/679 du Parlement europ\u00e9en et du Conseil du 27\u00a0avril\u00a02016 relatif \u00e0 la protection des personnes physiques quant au traitement des donn\u00e9es \u00e0 caract\u00e8re personnel et \u00e0 la libre circulation des donn\u00e9es, \u00e0 la loi organique 3\/2018, du 5\u00a0d\u00e9cembre, relative \u00e0 la protection des donn\u00e9es \u00e0 caract\u00e8re personnel et [&hellip;]<\/p>\n","protected":false},"author":1,"featured_media":0,"parent":0,"menu_order":0,"comment_status":"closed","ping_status":"closed","template":"","meta":{"inline_featured_image":false,"footnotes":""},"class_list":["post-25869","page","type-page","status-publish","hentry"],"yoast_head":"<!-- This site is optimized with the Yoast SEO plugin v26.9 - https:\/\/yoast.com\/product\/yoast-seo-wordpress\/ -->\n<title>Politique de confidentialit\u00e9 - TENIAS CARGADORES<\/title>\n<meta name=\"robots\" content=\"index, follow, max-snippet:-1, max-image-preview:large, max-video-preview:-1\" \/>\n<link rel=\"canonical\" href=\"https:\/\/tenias.com\/fr\/politique-de-confidentialite\/\" \/>\n<meta property=\"og:locale\" content=\"fr_FR\" \/>\n<meta property=\"og:type\" content=\"article\" \/>\n<meta property=\"og:title\" content=\"Politique de confidentialit\u00e9 - TENIAS CARGADORES\" \/>\n<meta property=\"og:description\" content=\"Politique de confidentialit\u00e9 Conform\u00e9ment au R\u00e8glement (UE) 2016\/679 du Parlement europ\u00e9en et du Conseil du 27\u00a0avril\u00a02016 relatif \u00e0 la protection des personnes physiques quant au traitement des donn\u00e9es \u00e0 caract\u00e8re personnel et \u00e0 la libre circulation des donn\u00e9es, \u00e0 la loi organique 3\/2018, du 5\u00a0d\u00e9cembre, relative \u00e0 la protection des donn\u00e9es \u00e0 caract\u00e8re personnel et [&hellip;]\" \/>\n<meta property=\"og:url\" content=\"https:\/\/tenias.com\/fr\/politique-de-confidentialite\/\" \/>\n<meta property=\"og:site_name\" content=\"TENIAS CARGADORES\" \/>\n<meta property=\"article:publisher\" content=\"https:\/\/www.facebook.com\/grupotenias\/\" \/>\n<meta property=\"article:modified_time\" content=\"2025-06-11T07:09:38+00:00\" \/>\n<meta name=\"twitter:card\" content=\"summary_large_image\" \/>\n<meta name=\"twitter:label1\" content=\"Dur\u00e9e de lecture estim\u00e9e\" \/>\n\t<meta name=\"twitter:data1\" content=\"5 minutes\" \/>\n<script type=\"application\/ld+json\" class=\"yoast-schema-graph\">{\"@context\":\"https:\/\/schema.org\",\"@graph\":[{\"@type\":\"WebPage\",\"@id\":\"https:\/\/tenias.com\/fr\/politique-de-confidentialite\/\",\"url\":\"https:\/\/tenias.com\/fr\/politique-de-confidentialite\/\",\"name\":\"Politique de confidentialit\u00e9 - TENIAS CARGADORES\",\"isPartOf\":{\"@id\":\"https:\/\/tenias.com\/#website\"},\"datePublished\":\"2025-04-09T12:32:51+00:00\",\"dateModified\":\"2025-06-11T07:09:38+00:00\",\"breadcrumb\":{\"@id\":\"https:\/\/tenias.com\/fr\/politique-de-confidentialite\/#breadcrumb\"},\"inLanguage\":\"fr-FR\",\"potentialAction\":[{\"@type\":\"ReadAction\",\"target\":[\"https:\/\/tenias.com\/fr\/politique-de-confidentialite\/\"]}]},{\"@type\":\"BreadcrumbList\",\"@id\":\"https:\/\/tenias.com\/fr\/politique-de-confidentialite\/#breadcrumb\",\"itemListElement\":[{\"@type\":\"ListItem\",\"position\":1,\"name\":\"Inicio\",\"item\":\"https:\/\/tenias.com\/\"},{\"@type\":\"ListItem\",\"position\":2,\"name\":\"Politique de confidentialit\u00e9\"}]},{\"@type\":\"WebSite\",\"@id\":\"https:\/\/tenias.com\/#website\",\"url\":\"https:\/\/tenias.com\/\",\"name\":\"TENIAS CARGADORES\",\"description\":\"S&oacute;lo otro sitio de WordPress\",\"publisher\":{\"@id\":\"https:\/\/tenias.com\/#organization\"},\"potentialAction\":[{\"@type\":\"SearchAction\",\"target\":{\"@type\":\"EntryPoint\",\"urlTemplate\":\"https:\/\/tenias.com\/?s={search_term_string}\"},\"query-input\":{\"@type\":\"PropertyValueSpecification\",\"valueRequired\":true,\"valueName\":\"search_term_string\"}}],\"inLanguage\":\"fr-FR\"},{\"@type\":\"Organization\",\"@id\":\"https:\/\/tenias.com\/#organization\",\"name\":\"TENIAS CARGADORES\",\"url\":\"https:\/\/tenias.com\/\",\"logo\":{\"@type\":\"ImageObject\",\"inLanguage\":\"fr-FR\",\"@id\":\"https:\/\/tenias.com\/#\/schema\/logo\/image\/\",\"url\":\"https:\/\/tenias.com\/wp-content\/uploads\/2022\/07\/LOGO-CARGADOR-OK.png\",\"contentUrl\":\"https:\/\/tenias.com\/wp-content\/uploads\/2022\/07\/LOGO-CARGADOR-OK.png\",\"width\":2543,\"height\":704,\"caption\":\"TENIAS CARGADORES\"},\"image\":{\"@id\":\"https:\/\/tenias.com\/#\/schema\/logo\/image\/\"},\"sameAs\":[\"https:\/\/www.facebook.com\/grupotenias\/\",\"https:\/\/www.linkedin.com\/company\/74033718\/\",\"https:\/\/www.instagram.com\/grupotenias\/\",\"https:\/\/www.youtube.com\/@palastenias\"]}]}<\/script>\n<!-- \/ Yoast SEO plugin. -->","yoast_head_json":{"title":"Politique de confidentialit\u00e9 - TENIAS CARGADORES","robots":{"index":"index","follow":"follow","max-snippet":"max-snippet:-1","max-image-preview":"max-image-preview:large","max-video-preview":"max-video-preview:-1"},"canonical":"https:\/\/tenias.com\/fr\/politique-de-confidentialite\/","og_locale":"fr_FR","og_type":"article","og_title":"Politique de confidentialit\u00e9 - TENIAS CARGADORES","og_description":"Politique de confidentialit\u00e9 Conform\u00e9ment au R\u00e8glement (UE) 2016\/679 du Parlement europ\u00e9en et du Conseil du 27\u00a0avril\u00a02016 relatif \u00e0 la protection des personnes physiques quant au traitement des donn\u00e9es \u00e0 caract\u00e8re personnel et \u00e0 la libre circulation des donn\u00e9es, \u00e0 la loi organique 3\/2018, du 5\u00a0d\u00e9cembre, relative \u00e0 la protection des donn\u00e9es \u00e0 caract\u00e8re personnel et [&hellip;]","og_url":"https:\/\/tenias.com\/fr\/politique-de-confidentialite\/","og_site_name":"TENIAS CARGADORES","article_publisher":"https:\/\/www.facebook.com\/grupotenias\/","article_modified_time":"2025-06-11T07:09:38+00:00","twitter_card":"summary_large_image","twitter_misc":{"Dur\u00e9e de lecture estim\u00e9e":"5 minutes"},"schema":{"@context":"https:\/\/schema.org","@graph":[{"@type":"WebPage","@id":"https:\/\/tenias.com\/fr\/politique-de-confidentialite\/","url":"https:\/\/tenias.com\/fr\/politique-de-confidentialite\/","name":"Politique de confidentialit\u00e9 - TENIAS CARGADORES","isPartOf":{"@id":"https:\/\/tenias.com\/#website"},"datePublished":"2025-04-09T12:32:51+00:00","dateModified":"2025-06-11T07:09:38+00:00","breadcrumb":{"@id":"https:\/\/tenias.com\/fr\/politique-de-confidentialite\/#breadcrumb"},"inLanguage":"fr-FR","potentialAction":[{"@type":"ReadAction","target":["https:\/\/tenias.com\/fr\/politique-de-confidentialite\/"]}]},{"@type":"BreadcrumbList","@id":"https:\/\/tenias.com\/fr\/politique-de-confidentialite\/#breadcrumb","itemListElement":[{"@type":"ListItem","position":1,"name":"Inicio","item":"https:\/\/tenias.com\/"},{"@type":"ListItem","position":2,"name":"Politique de confidentialit\u00e9"}]},{"@type":"WebSite","@id":"https:\/\/tenias.com\/#website","url":"https:\/\/tenias.com\/","name":"TENIAS CARGADORES","description":"S&oacute;lo otro sitio de WordPress","publisher":{"@id":"https:\/\/tenias.com\/#organization"},"potentialAction":[{"@type":"SearchAction","target":{"@type":"EntryPoint","urlTemplate":"https:\/\/tenias.com\/?s={search_term_string}"},"query-input":{"@type":"PropertyValueSpecification","valueRequired":true,"valueName":"search_term_string"}}],"inLanguage":"fr-FR"},{"@type":"Organization","@id":"https:\/\/tenias.com\/#organization","name":"TENIAS CARGADORES","url":"https:\/\/tenias.com\/","logo":{"@type":"ImageObject","inLanguage":"fr-FR","@id":"https:\/\/tenias.com\/#\/schema\/logo\/image\/","url":"https:\/\/tenias.com\/wp-content\/uploads\/2022\/07\/LOGO-CARGADOR-OK.png","contentUrl":"https:\/\/tenias.com\/wp-content\/uploads\/2022\/07\/LOGO-CARGADOR-OK.png","width":2543,"height":704,"caption":"TENIAS CARGADORES"},"image":{"@id":"https:\/\/tenias.com\/#\/schema\/logo\/image\/"},"sameAs":["https:\/\/www.facebook.com\/grupotenias\/","https:\/\/www.linkedin.com\/company\/74033718\/","https:\/\/www.instagram.com\/grupotenias\/","https:\/\/www.youtube.com\/@palastenias"]}]}},"_links":{"self":[{"href":"https:\/\/tenias.com\/fr\/wp-json\/wp\/v2\/pages\/25869","targetHints":{"allow":["GET"]}}],"collection":[{"href":"https:\/\/tenias.com\/fr\/wp-json\/wp\/v2\/pages"}],"about":[{"href":"https:\/\/tenias.com\/fr\/wp-json\/wp\/v2\/types\/page"}],"author":[{"embeddable":true,"href":"https:\/\/tenias.com\/fr\/wp-json\/wp\/v2\/users\/1"}],"replies":[{"embeddable":true,"href":"https:\/\/tenias.com\/fr\/wp-json\/wp\/v2\/comments?post=25869"}],"version-history":[{"count":3,"href":"https:\/\/tenias.com\/fr\/wp-json\/wp\/v2\/pages\/25869\/revisions"}],"predecessor-version":[{"id":26836,"href":"https:\/\/tenias.com\/fr\/wp-json\/wp\/v2\/pages\/25869\/revisions\/26836"}],"wp:attachment":[{"href":"https:\/\/tenias.com\/fr\/wp-json\/wp\/v2\/media?parent=25869"}],"curies":[{"name":"wp","href":"https:\/\/api.w.org\/{rel}","templated":true}]}}